{"id":256,"date":"2025-10-03T12:26:24","date_gmt":"2025-10-03T17:26:24","guid":{"rendered":"https:\/\/website-manuelgalecio-dev-cjhqctenbzd5b2fy.eastus2-01.azurewebsites.net\/index.php\/authorities\/"},"modified":"2025-12-03T08:56:58","modified_gmt":"2025-12-03T13:56:58","slug":"authorities","status":"publish","type":"page","link":"https:\/\/www.manuelgalecio.org.ec\/en\/authorities\/","title":{"rendered":"Authorities"},"content":{"rendered":"\t\t<div data-elementor-type=\"wp-page\" data-elementor-id=\"256\" class=\"elementor elementor-256 elementor-141\" data-elementor-post-type=\"page\">\n\t\t\t\t<div class=\"elementor-element elementor-element-1324179 e-flex e-con-boxed e-con e-parent\" data-id=\"1324179\" data-element_type=\"container\">\n\t\t\t\t\t<div class=\"e-con-inner\">\n\t\t\t\t<div class=\"elementor-element elementor-element-5415f73 elementor-widget elementor-widget-heading\" data-id=\"5415f73\" data-element_type=\"widget\" data-widget_type=\"heading.default\">\n\t\t\t\t\t<h2 class=\"elementor-heading-title elementor-size-default\">Authorities<\/h2>\t\t\t\t<\/div>\n\t\t\t\t<div class=\"elementor-element elementor-element-c11e6d0 elementor-widget elementor-widget-text-editor\" data-id=\"c11e6d0\" data-element_type=\"widget\" data-widget_type=\"text-editor.default\">\n\t\t\t\t\t\t\t\t\t<p>Mr. Julio Guzm\u00e1n Baquerizo<br><strong>Inspector<\/strong><\/p><p>Mr. Marcelo Torres Bejarano<br><strong>Sub Inspector<\/strong><\/p><p>Ms. Susana Mor\u00e1n Reyes<br><strong>General Manager of the Home Sector<\/strong><\/p><p>Ms. Mar\u00eda del Carmen Naranjo R.<br><strong>Administrator<\/strong><\/p>\t\t\t\t\t\t\t\t<\/div>\n\t\t\t\t\t<\/div>\n\t\t\t\t<\/div>\n\t\t\t\t<\/div>\n\t\t","protected":false},"excerpt":{"rendered":"<p>Authorities Mr. Julio Guzm\u00e1n BaquerizoInspector Mr. Marcelo Torres BejaranoSub Inspector Ms. Susana Mor\u00e1n ReyesGeneral Manager of the Home Sector Ms. Mar\u00eda del Carmen Naranjo R.Administrator<\/p>\n","protected":false},"author":1,"featured_media":0,"parent":0,"menu_order":0,"comment_status":"closed","ping_status":"closed","template":"","meta":{"footnotes":""},"class_list":["post-256","page","type-page","status-publish","hentry"],"_links":{"self":[{"href":"https:\/\/www.manuelgalecio.org.ec\/en\/wp-json\/wp\/v2\/pages\/256","targetHints":{"allow":["GET"]}}],"collection":[{"href":"https:\/\/www.manuelgalecio.org.ec\/en\/wp-json\/wp\/v2\/pages"}],"about":[{"href":"https:\/\/www.manuelgalecio.org.ec\/en\/wp-json\/wp\/v2\/types\/page"}],"author":[{"embeddable":true,"href":"https:\/\/www.manuelgalecio.org.ec\/en\/wp-json\/wp\/v2\/users\/1"}],"replies":[{"embeddable":true,"href":"https:\/\/www.manuelgalecio.org.ec\/en\/wp-json\/wp\/v2\/comments?post=256"}],"version-history":[{"count":2,"href":"https:\/\/www.manuelgalecio.org.ec\/en\/wp-json\/wp\/v2\/pages\/256\/revisions"}],"predecessor-version":[{"id":369,"href":"https:\/\/www.manuelgalecio.org.ec\/en\/wp-json\/wp\/v2\/pages\/256\/revisions\/369"}],"wp:attachment":[{"href":"https:\/\/www.manuelgalecio.org.ec\/en\/wp-json\/wp\/v2\/media?parent=256"}],"curies":[{"name":"wp","href":"https:\/\/api.w.org\/{rel}","templated":true}]}}